{"id":2559,"date":"2015-12-10T23:38:54","date_gmt":"2015-12-10T23:38:54","guid":{"rendered":"http:\/\/export-xml.qreativethemes.com\/physio\/?page_id=2559"},"modified":"2021-06-01T17:56:45","modified_gmt":"2021-06-01T17:56:45","slug":"single-therapist","status":"publish","type":"page","link":"https:\/\/babydoc.ch\/?page_id=2559","title":{"rendered":"Wer ist babyDoc"},"content":{"rendered":"<div id=\"pl-2559\"  class=\"panel-layout\" ><div id=\"pg-2559-0\"  class=\"panel-grid panel-no-style\" ><div id=\"pgc-2559-0-0\"  class=\"panel-grid-cell\" ><div id=\"panel-2559-0-0-0\" class=\"so-panel widget widget_sow-editor panel-first-child panel-last-child\" data-index=\"0\" ><div\n\t\t\t\n\t\t\tclass=\"so-widget-sow-editor so-widget-sow-editor-base\"\n\t\t\t\n\t\t>\n<div class=\"siteorigin-widget-tinymce textwidget\">\n\t<p>Dr. Juliane Meng-Hentschel<\/p>\n<p><span style=\"color: #56afd5; font-size: 15px;\"><strong>Berufliche Stationen<br \/>\n<\/strong><\/span><span class=\"ng-binding ng-isolate-scope\">- aktuell Konsiliar\u00e4rztin P\u00e4diatrie, Spital M\u00fcnsingen, Insel-Gruppe<\/span><br \/>\n- Leitende \u00e4rztliche Funktion (Neonatologie) an Universit\u00e4tskliniken in Berlin, Bern, Homburg (Saar) und am Regionalspital Thun<\/p>\n<p><span style=\"color: #56afd5; font-size: 15px;\"><strong>Lehrauftr\u00e4ge<\/strong><\/span><br \/>\n- ehem. Berner Fachhochschule (Bachelor Midwifery, Hebammen)<\/p>\n<p><span style=\"color: #56afd5; font-size: 15px;\"><strong>Qualifikationen und Titel u. a.:<\/strong><\/span><br \/>\n- Dr. med.; FMH, Kinder- und Jugendmedizin<br \/>\n- Master of Medical Education MME<br \/>\n- Mitglied der FMH, der \u00c4rztegesellschaft des Kantons Bern<br \/>\n- Mitglied der Schweizerischen Gesellschaft f\u00fcr Neonatologie (SGN)<br \/>\n- Trainerin in Neugeborenen-Reanimation der SGN<br \/>\n- Infektiologin (DGI, Deutsche Gesellschaft f\u00fcr Infektiologie)<br \/>\n- Telemedizin (\u00fcber MEDGATE)<\/p>\n<p><span style=\"color: #56afd5; font-size: 15px;\"><strong>Ausbildung<br \/>\n<\/strong><\/span>- Studium der Humanmedizin in Heidelberg und T\u00fcbingen<br \/>\n- Facharzt P\u00e4diatrie in Rochester (NY) und M\u00fcnchen<br \/>\n- Weiterbildung in Neonatologie in Berlin<br \/>\n- Masterstudium in Medizinischer Lehre (MME) in Bern<\/p>\n<p>&nbsp;<\/p>\n<\/div>\n<\/div><\/div><\/div><div id=\"pgc-2559-0-1\"  class=\"panel-grid-cell\" ><div id=\"panel-2559-0-1-0\" class=\"so-panel widget widget_sow-editor panel-first-child panel-last-child\" data-index=\"1\" ><div\n\t\t\t\n\t\t\tclass=\"so-widget-sow-editor so-widget-sow-editor-base\"\n\t\t\t\n\t\t>\n<div class=\"siteorigin-widget-tinymce textwidget\">\n\t<p><img loading=\"lazy\" decoding=\"async\" class=\"alignnone wp-image-7930\" src=\"https:\/\/babydoc.ch\/wp-content\/uploads\/2019\/08\/IMG_1927-2.jpg\" alt=\"\" width=\"851\" height=\"638\" srcset=\"https:\/\/babydoc.ch\/wp-content\/uploads\/2019\/08\/IMG_1927-2.jpg 3264w, https:\/\/babydoc.ch\/wp-content\/uploads\/2019\/08\/IMG_1927-2-300x225.jpg 300w, https:\/\/babydoc.ch\/wp-content\/uploads\/2019\/08\/IMG_1927-2-768x576.jpg 768w, https:\/\/babydoc.ch\/wp-content\/uploads\/2019\/08\/IMG_1927-2-1024x768.jpg 1024w, https:\/\/babydoc.ch\/wp-content\/uploads\/2019\/08\/IMG_1927-2-600x450.jpg 600w\" sizes=\"auto, (max-width: 851px) 100vw, 851px\" \/><\/p>\n<p><img loading=\"lazy\" decoding=\"async\" class=\"alignnone wp-image-7866\" src=\"https:\/\/babydoc.ch\/wp-content\/uploads\/2019\/08\/IMG_2204.jpg\" alt=\"\" width=\"850\" height=\"638\" srcset=\"https:\/\/babydoc.ch\/wp-content\/uploads\/2019\/08\/IMG_2204.jpg 3264w, https:\/\/babydoc.ch\/wp-content\/uploads\/2019\/08\/IMG_2204-300x225.jpg 300w, https:\/\/babydoc.ch\/wp-content\/uploads\/2019\/08\/IMG_2204-768x576.jpg 768w, https:\/\/babydoc.ch\/wp-content\/uploads\/2019\/08\/IMG_2204-1024x768.jpg 1024w, https:\/\/babydoc.ch\/wp-content\/uploads\/2019\/08\/IMG_2204-600x450.jpg 600w\" sizes=\"auto, (max-width: 850px) 100vw, 850px\" \/><\/p>\n<p>&nbsp;<\/p>\n<\/div>\n<\/div><\/div><\/div><\/div><\/div>","protected":false},"excerpt":{"rendered":"<p>Dr. Juliane Meng-Hentschel Berufliche Stationen &#8211; aktuell Konsiliar\u00e4rztin P\u00e4diatrie, Spital M\u00fcnsingen, Insel-Gruppe &#8211; Leitende \u00e4rztliche Funktion (Neonatologie) an Universit\u00e4tskliniken in Berlin, Bern, Homburg (Saar) und am Regionalspital Thun Lehrauftr\u00e4ge &#8211; ehem. Berner Fachhochschule (Bachelor Midwifery, Hebammen) Qualifikationen und Titel u. a.: &#8211; Dr. med.; FMH, Kinder- und Jugendmedizin &#8211; Master of Medical Education MME &#8211; [&hellip;]<\/p>\n","protected":false},"author":1,"featured_media":7930,"parent":0,"menu_order":0,"comment_status":"closed","ping_status":"closed","template":"","meta":{"footnotes":""},"class_list":["post-2559","page","type-page","status-publish","has-post-thumbnail","hentry"],"_links":{"self":[{"href":"https:\/\/babydoc.ch\/index.php?rest_route=\/wp\/v2\/pages\/2559","targetHints":{"allow":["GET"]}}],"collection":[{"href":"https:\/\/babydoc.ch\/index.php?rest_route=\/wp\/v2\/pages"}],"about":[{"href":"https:\/\/babydoc.ch\/index.php?rest_route=\/wp\/v2\/types\/page"}],"author":[{"embeddable":true,"href":"https:\/\/babydoc.ch\/index.php?rest_route=\/wp\/v2\/users\/1"}],"replies":[{"embeddable":true,"href":"https:\/\/babydoc.ch\/index.php?rest_route=%2Fwp%2Fv2%2Fcomments&post=2559"}],"version-history":[{"count":39,"href":"https:\/\/babydoc.ch\/index.php?rest_route=\/wp\/v2\/pages\/2559\/revisions"}],"predecessor-version":[{"id":7928,"href":"https:\/\/babydoc.ch\/index.php?rest_route=\/wp\/v2\/pages\/2559\/revisions\/7928"}],"wp:featuredmedia":[{"embeddable":true,"href":"https:\/\/babydoc.ch\/index.php?rest_route=\/wp\/v2\/media\/7930"}],"wp:attachment":[{"href":"https:\/\/babydoc.ch\/index.php?rest_route=%2Fwp%2Fv2%2Fmedia&parent=2559"}],"curies":[{"name":"wp","href":"https:\/\/api.w.org\/{rel}","templated":true}]}}